{"id":2316,"date":"2024-07-24T11:03:43","date_gmt":"2024-07-24T11:03:43","guid":{"rendered":"https:\/\/helpobras.com\/politica-de-privacidade\/"},"modified":"2024-09-27T11:27:43","modified_gmt":"2024-09-27T11:27:43","slug":"politica-de-privacidade","status":"publish","type":"page","link":"https:\/\/helpobras.com\/en\/politica-de-privacidade\/","title":{"rendered":"Pol\u00edtica de Privacidade"},"content":{"rendered":"\t\t<div data-elementor-type=\"wp-page\" data-elementor-id=\"2316\" class=\"elementor elementor-2316 elementor-3\">\n\t\t\t\t<div class=\"elementor-element elementor-element-78aecb8 boxed-container e-flex e-con-boxed wpr-particle-no wpr-jarallax-no wpr-parallax-no wpr-sticky-section-no e-con e-parent\" data-id=\"78aecb8\" data-element_type=\"container\" data-settings=\"{&quot;jet_parallax_layout_list&quot;:[]}\">\n\t\t\t\t\t<div class=\"e-con-inner\">\n\t\t\t\t<div class=\"elementor-element elementor-element-439e306 elementor-widget elementor-widget-heading\" data-id=\"439e306\" data-element_type=\"widget\" data-widget_type=\"heading.default\">\n\t\t\t\t<div class=\"elementor-widget-container\">\n\t\t\t\t\t<h2 class=\"elementor-heading-title elementor-size-default\">Pol\u00edtica de Privacidade<\/h2>\t\t\t\t<\/div>\n\t\t\t\t<\/div>\n\t\t\t\t<div class=\"elementor-element elementor-element-c18779f elementor-widget elementor-widget-text-editor\" data-id=\"c18779f\" data-element_type=\"widget\" data-widget_type=\"text-editor.default\">\n\t\t\t\t<div class=\"elementor-widget-container\">\n\t\t\t\t\t\t\t\t\t<p>Pol\u00edtica&#8230;<\/p>\n\t\t\t\t\t\t\t\t<\/div>\n\t\t\t\t<\/div>\n\t\t\t\t\t<\/div>\n\t\t\t\t<\/div>\n\t\t<div class=\"elementor-element elementor-element-3380be5 boxed-container e-flex e-con-boxed wpr-particle-no wpr-jarallax-no wpr-parallax-no wpr-sticky-section-no e-con e-parent\" data-id=\"3380be5\" data-element_type=\"container\" id=\"cookies\" data-settings=\"{&quot;jet_parallax_layout_list&quot;:[]}\">\n\t\t\t\t\t<div class=\"e-con-inner\">\n\t\t\t\t<div class=\"elementor-element elementor-element-d95b646 elementor-widget elementor-widget-heading\" data-id=\"d95b646\" data-element_type=\"widget\" data-widget_type=\"heading.default\">\n\t\t\t\t<div class=\"elementor-widget-container\">\n\t\t\t\t\t<h2 class=\"elementor-heading-title elementor-size-default\">Pol\u00edtica de Cookies<\/h2>\t\t\t\t<\/div>\n\t\t\t\t<\/div>\n\t\t\t\t<div class=\"elementor-element elementor-element-0f09fdc elementor-widget elementor-widget-text-editor\" data-id=\"0f09fdc\" data-element_type=\"widget\" data-widget_type=\"text-editor.default\">\n\t\t\t\t<div class=\"elementor-widget-container\">\n\t\t\t\t\t\t\t\t\t<p>Utilizamos cookies e tecnologias semelhantes no nosso site para melhorar a sua experi\u00eancia como utilizador e permitir realizar determinadas opera\u00e7\u00f5es de forma segura.<\/p>\n<p><strong>O que s\u00e3o cookies?<\/strong><\/p>\n<p>\u201cCookies\u201d s\u00e3o pequenas etiquetas de software que s\u00e3o armazenadas no seu computador atrav\u00e9s do navegador (browser), retendo apenas informa\u00e7\u00e3o relacionada com as suas prefer\u00eancias, n\u00e3o incluindo, como tal, os seus dados pessoais.<\/p>\n<p>Para que servem as cookies?<\/p>\n<p>Os cookies servem para ajudar a determinar a utilidade, interesse e o n\u00famero de utiliza\u00e7\u00f5es dos seus websites, permitindo uma navega\u00e7\u00e3o mais r\u00e1pida e eficiente, eliminando a necessidade de introduzir repetidamente as mesmas informa\u00e7\u00f5es.<\/p>\n<p><strong>Que tipo de cookies utilizamos?<\/strong><\/p>\n<p>Existem dois grupos cookies que podem ser utilizados.<\/p>\n<p>Cookies permanentes \u2013 s\u00e3o cookies que ficam armazenados ao n\u00edvel do browser nos seus equipamentos de acesso (pc, mobile e tablet) e que s\u00e3o utilizados sempre que faz uma nova visita a um dos nossos websites.\nS\u00e3o utilizados, geralmente, para direcionar a navega\u00e7\u00e3o aos interesses do utilizador, permitindo-nos prestar um servi\u00e7o mais personalizado. <\/p>\n<p>Cookies de sess\u00e3o \u2013 s\u00e3o cookies tempor\u00e1rios que permanecem no arquivo de cookies do seu browser at\u00e9 sair do website.\nA informa\u00e7\u00e3o obtida por estes cookies serve para analisar padr\u00f5es de tr\u00e1fego na web, permitindo-nos identificar problemas e fornecer uma melhor experi\u00eancia de navega\u00e7\u00e3o. <\/p>\n<p><strong>Tipo de Cookies<\/strong><\/p>\n<p>Cookies estritamente necess\u00e1rios \u2013 Permitem que navegue no website e utilize as suas aplica\u00e7\u00f5es, bem como aceder a \u00e1reas seguras do website.\nSem estes cookies, os servi\u00e7os que tenha requerido n\u00e3o podem ser prestados. <\/p>\n<p>Cookies Anal\u00edticos \u2013 S\u00e3o utilizados anonimamente para efeitos de cria\u00e7\u00e3o e an\u00e1lise de estat\u00edsticas, no sentido de melhorar o funcionamento do website.<\/p>\n<p>Cookies de funcionalidade \u2013 Guardam as prefer\u00eancias do utilizador relativamente \u00e0 utiliza\u00e7\u00e3o do site, de forma que n\u00e3o seja necess\u00e1rio voltar a configurar o site cada vez que o visita.<\/p>\n<p>Cookies de terceiros \u2013 Medem o sucesso de aplica\u00e7\u00f5es e a efic\u00e1cia da publicidade de terceiros.\nPodem tamb\u00e9m ser utilizados no sentido de personalizar um widget com dados do utilizador. <\/p>\n<p>Cookies de publicidade \u2013 Direcionam a publicidade em fun\u00e7\u00e3o dos interesses de cada utilizador, sendo que, al\u00e9m disso, limitam a quantidade de vezes que v\u00ea o an\u00fancio, ajudando a medirem a efic\u00e1cia da publicidade e o sucesso da organiza\u00e7\u00e3o do website.<\/p>\n<p>De modo a garantir que toda a informa\u00e7\u00e3o disponibilizada se encontra atualizada, efetuamos verifica\u00e7\u00f5es peri\u00f3dicas \u00e0 lista de cookies.\nNo entanto, quanto aos cookies de terceiros e por motivos que nos s\u00e3o alheios, a listagem pode n\u00e3o estar atualizada ao momento, atendendo a que os prestadores dos cookies de terceiros podem aumentar ou diminuir, alterar o nome a qualquer momento e sem aviso pr\u00e9vio. <\/p>\n<p><strong>How can you manage cookies?<\/strong><\/p>\n<p>All browsers allow the user to accept, refuse or delete cookies, namely by selecting the appropriate settings in their browser.\nYou can configure cookies in the &#8220;options&#8221; or &#8220;preferences&#8221; menu of your browser.\nPlease note, however, that by disabling cookies, you may prevent some web services from working properly, partially or totally affecting navigation on the website.  <\/p>\n<p><strong>Other websites<\/strong><\/p>\n<p>Our website may contain links to other websites or applications, including those of our partners.\nIf you access one of these links or applications, please note that each will have its own Cookie Policy and we are not responsible for them.\nPlease read the Cookie Policy of other websites or applications carefully before using them.  <\/p>\t\t\t\t\t\t\t\t<\/div>\n\t\t\t\t<\/div>\n\t\t\t\t\t<\/div>\n\t\t\t\t<\/div>\n\t\t\t\t<\/div>\n\t\t","protected":false},"excerpt":{"rendered":"<p>Pol\u00edtica de Privacidade Pol\u00edtica&#8230; Pol\u00edtica de Cookies Utilizamos cookies e tecnologias semelhantes no nosso site para melhorar a sua experi\u00eancia como utilizador e permitir realizar determinadas opera\u00e7\u00f5es de forma segura. O que s\u00e3o cookies? \u201cCookies\u201d s\u00e3o pequenas etiquetas de software que s\u00e3o armazenadas no seu computador atrav\u00e9s do navegador (browser), retendo apenas informa\u00e7\u00e3o relacionada com as suas prefer\u00eancias, n\u00e3o incluindo, como tal, os seus dados pessoais. Para que servem as cookies? Os cookies servem para ajudar a determinar a utilidade, interesse e o n\u00famero de utiliza\u00e7\u00f5es dos seus websites, permitindo uma navega\u00e7\u00e3o mais r\u00e1pida e eficiente, eliminando a necessidade de introduzir repetidamente as mesmas informa\u00e7\u00f5es. Que tipo de cookies utilizamos? Existem dois grupos cookies que podem ser utilizados. Cookies permanentes \u2013 s\u00e3o cookies que ficam armazenados ao n\u00edvel do browser nos seus equipamentos de acesso (pc, mobile e tablet) e que s\u00e3o utilizados sempre que faz uma nova visita a um dos nossos websites. S\u00e3o utilizados, geralmente, para direcionar a navega\u00e7\u00e3o aos interesses do utilizador, permitindo-nos prestar um servi\u00e7o mais personalizado. Cookies de sess\u00e3o \u2013 s\u00e3o cookies tempor\u00e1rios que permanecem no arquivo de cookies do seu browser at\u00e9 sair do website. A informa\u00e7\u00e3o obtida por estes cookies serve para analisar padr\u00f5es de tr\u00e1fego na web, permitindo-nos identificar problemas e fornecer uma melhor experi\u00eancia de navega\u00e7\u00e3o. Tipo de Cookies Cookies estritamente necess\u00e1rios \u2013 Permitem que navegue no website e utilize as suas aplica\u00e7\u00f5es, bem como aceder a \u00e1reas seguras do website. Sem estes cookies, os servi\u00e7os que tenha requerido n\u00e3o podem ser prestados. Cookies Anal\u00edticos \u2013 S\u00e3o utilizados anonimamente para efeitos de cria\u00e7\u00e3o e an\u00e1lise de estat\u00edsticas, no sentido de melhorar o funcionamento do website. Cookies de funcionalidade \u2013 Guardam as prefer\u00eancias do utilizador relativamente \u00e0 utiliza\u00e7\u00e3o do site, de forma que n\u00e3o seja necess\u00e1rio voltar a configurar o site cada vez que o visita. Cookies de terceiros \u2013 Medem o sucesso de aplica\u00e7\u00f5es e a efic\u00e1cia da publicidade de terceiros. Podem tamb\u00e9m ser utilizados no sentido de personalizar um widget com dados do utilizador. Cookies de publicidade \u2013 Direcionam a publicidade em fun\u00e7\u00e3o dos interesses de cada utilizador, sendo que, al\u00e9m disso, limitam a quantidade de vezes que v\u00ea o an\u00fancio, ajudando a medirem a efic\u00e1cia da publicidade e o sucesso da organiza\u00e7\u00e3o do website. De modo a garantir que toda a informa\u00e7\u00e3o disponibilizada se encontra atualizada, efetuamos verifica\u00e7\u00f5es peri\u00f3dicas \u00e0 lista de cookies. No entanto, quanto aos cookies de terceiros e por motivos que nos s\u00e3o alheios, a listagem pode n\u00e3o estar atualizada ao momento, atendendo a que os prestadores dos cookies de terceiros podem aumentar ou diminuir, alterar o nome a qualquer momento e sem aviso pr\u00e9vio. How can you manage cookies? All browsers allow the user to accept, refuse or delete cookies, namely by selecting the appropriate settings in their browser. You can configure cookies in the &#8220;options&#8221; or &#8220;preferences&#8221; menu of your browser. Please note, however, that by disabling cookies, you may prevent some web services from working properly, partially or totally affecting navigation on the website. Other websites Our website may contain links to other websites or applications, including those of our partners. If you access one of these links or applications, please note that each will have its own Cookie Policy and we are not responsible for them. Please read the Cookie Policy of other websites or applications carefully before using them.<\/p>\n","protected":false},"author":1,"featured_media":0,"parent":0,"menu_order":0,"comment_status":"closed","ping_status":"closed","template":"","meta":{"footnotes":""},"class_list":["post-2316","page","type-page","status-publish","hentry"],"blocksy_meta":[],"yoast_head":"<!-- This site is optimized with the Yoast SEO plugin v26.5 - https:\/\/yoast.com\/wordpress\/plugins\/seo\/ -->\n<title>Pol\u00edtica de Privacidade - Help Obras e Remodela\u00e7\u00f5es<\/title>\n<meta name=\"robots\" content=\"index, follow, max-snippet:-1, max-image-preview:large, max-video-preview:-1\" \/>\n<link rel=\"canonical\" href=\"https:\/\/helpobras.com\/en\/politica-de-privacidade\/\" \/>\n<meta property=\"og:locale\" content=\"en_US\" \/>\n<meta property=\"og:type\" content=\"article\" \/>\n<meta property=\"og:title\" content=\"Pol\u00edtica de Privacidade - Help Obras e Remodela\u00e7\u00f5es\" \/>\n<meta property=\"og:description\" content=\"Pol\u00edtica de Privacidade Pol\u00edtica&#8230; Pol\u00edtica de Cookies Utilizamos cookies e tecnologias semelhantes no nosso site para melhorar a sua experi\u00eancia como utilizador e permitir realizar determinadas opera\u00e7\u00f5es de forma segura. O que s\u00e3o cookies? \u201cCookies\u201d s\u00e3o pequenas etiquetas de software que s\u00e3o armazenadas no seu computador atrav\u00e9s do navegador (browser), retendo apenas informa\u00e7\u00e3o relacionada com as suas prefer\u00eancias, n\u00e3o incluindo, como tal, os seus dados pessoais. Para que servem as cookies? Os cookies servem para ajudar a determinar a utilidade, interesse e o n\u00famero de utiliza\u00e7\u00f5es dos seus websites, permitindo uma navega\u00e7\u00e3o mais r\u00e1pida e eficiente, eliminando a necessidade de introduzir repetidamente as mesmas informa\u00e7\u00f5es. Que tipo de cookies utilizamos? Existem dois grupos cookies que podem ser utilizados. Cookies permanentes \u2013 s\u00e3o cookies que ficam armazenados ao n\u00edvel do browser nos seus equipamentos de acesso (pc, mobile e tablet) e que s\u00e3o utilizados sempre que faz uma nova visita a um dos nossos websites. S\u00e3o utilizados, geralmente, para direcionar a navega\u00e7\u00e3o aos interesses do utilizador, permitindo-nos prestar um servi\u00e7o mais personalizado. Cookies de sess\u00e3o \u2013 s\u00e3o cookies tempor\u00e1rios que permanecem no arquivo de cookies do seu browser at\u00e9 sair do website. A informa\u00e7\u00e3o obtida por estes cookies serve para analisar padr\u00f5es de tr\u00e1fego na web, permitindo-nos identificar problemas e fornecer uma melhor experi\u00eancia de navega\u00e7\u00e3o. Tipo de Cookies Cookies estritamente necess\u00e1rios \u2013 Permitem que navegue no website e utilize as suas aplica\u00e7\u00f5es, bem como aceder a \u00e1reas seguras do website. Sem estes cookies, os servi\u00e7os que tenha requerido n\u00e3o podem ser prestados. Cookies Anal\u00edticos \u2013 S\u00e3o utilizados anonimamente para efeitos de cria\u00e7\u00e3o e an\u00e1lise de estat\u00edsticas, no sentido de melhorar o funcionamento do website. Cookies de funcionalidade \u2013 Guardam as prefer\u00eancias do utilizador relativamente \u00e0 utiliza\u00e7\u00e3o do site, de forma que n\u00e3o seja necess\u00e1rio voltar a configurar o site cada vez que o visita. Cookies de terceiros \u2013 Medem o sucesso de aplica\u00e7\u00f5es e a efic\u00e1cia da publicidade de terceiros. Podem tamb\u00e9m ser utilizados no sentido de personalizar um widget com dados do utilizador. Cookies de publicidade \u2013 Direcionam a publicidade em fun\u00e7\u00e3o dos interesses de cada utilizador, sendo que, al\u00e9m disso, limitam a quantidade de vezes que v\u00ea o an\u00fancio, ajudando a medirem a efic\u00e1cia da publicidade e o sucesso da organiza\u00e7\u00e3o do website. De modo a garantir que toda a informa\u00e7\u00e3o disponibilizada se encontra atualizada, efetuamos verifica\u00e7\u00f5es peri\u00f3dicas \u00e0 lista de cookies. No entanto, quanto aos cookies de terceiros e por motivos que nos s\u00e3o alheios, a listagem pode n\u00e3o estar atualizada ao momento, atendendo a que os prestadores dos cookies de terceiros podem aumentar ou diminuir, alterar o nome a qualquer momento e sem aviso pr\u00e9vio. How can you manage cookies? All browsers allow the user to accept, refuse or delete cookies, namely by selecting the appropriate settings in their browser. You can configure cookies in the &#8220;options&#8221; or &#8220;preferences&#8221; menu of your browser. Please note, however, that by disabling cookies, you may prevent some web services from working properly, partially or totally affecting navigation on the website. Other websites Our website may contain links to other websites or applications, including those of our partners. If you access one of these links or applications, please note that each will have its own Cookie Policy and we are not responsible for them. Please read the Cookie Policy of other websites or applications carefully before using them.\" \/>\n<meta property=\"og:url\" content=\"https:\/\/helpobras.com\/en\/politica-de-privacidade\/\" \/>\n<meta property=\"og:site_name\" content=\"Help Obras e Remodela\u00e7\u00f5es\" \/>\n<meta property=\"article:publisher\" content=\"https:\/\/www.facebook.com\/helpobras\/\" \/>\n<meta property=\"article:modified_time\" content=\"2024-09-27T11:27:43+00:00\" \/>\n<meta name=\"twitter:card\" content=\"summary_large_image\" \/>\n<meta name=\"twitter:label1\" content=\"Est. reading time\" \/>\n\t<meta name=\"twitter:data1\" content=\"3 minutes\" \/>\n<script type=\"application\/ld+json\" class=\"yoast-schema-graph\">{\"@context\":\"https:\/\/schema.org\",\"@graph\":[{\"@type\":\"WebPage\",\"@id\":\"https:\/\/helpobras.com\/en\/politica-de-privacidade\/\",\"url\":\"https:\/\/helpobras.com\/en\/politica-de-privacidade\/\",\"name\":\"Pol\u00edtica de Privacidade - Help Obras e Remodela\u00e7\u00f5es\",\"isPartOf\":{\"@id\":\"https:\/\/helpobras.com\/en\/#website\"},\"datePublished\":\"2024-07-24T11:03:43+00:00\",\"dateModified\":\"2024-09-27T11:27:43+00:00\",\"breadcrumb\":{\"@id\":\"https:\/\/helpobras.com\/en\/politica-de-privacidade\/#breadcrumb\"},\"inLanguage\":\"en-US\",\"potentialAction\":[{\"@type\":\"ReadAction\",\"target\":[\"https:\/\/helpobras.com\/en\/politica-de-privacidade\/\"]}]},{\"@type\":\"BreadcrumbList\",\"@id\":\"https:\/\/helpobras.com\/en\/politica-de-privacidade\/#breadcrumb\",\"itemListElement\":[{\"@type\":\"ListItem\",\"position\":1,\"name\":\"In\u00edcio\",\"item\":\"https:\/\/helpobras.com\/en\/\"},{\"@type\":\"ListItem\",\"position\":2,\"name\":\"Pol\u00edtica de Privacidade\"}]},{\"@type\":\"WebSite\",\"@id\":\"https:\/\/helpobras.com\/en\/#website\",\"url\":\"https:\/\/helpobras.com\/en\/\",\"name\":\"Help Obras e Remodela\u00e7\u00f5es\",\"description\":\"Obras e Remodela\u00e7\u00f5es\",\"publisher\":{\"@id\":\"https:\/\/helpobras.com\/en\/#organization\"},\"inLanguage\":\"en-US\"},{\"@type\":\"Organization\",\"@id\":\"https:\/\/helpobras.com\/en\/#organization\",\"name\":\"Help Obras e Remodela\u00e7\u00f5es\",\"url\":\"https:\/\/helpobras.com\/en\/\",\"logo\":{\"@type\":\"ImageObject\",\"inLanguage\":\"en-US\",\"@id\":\"https:\/\/helpobras.com\/en\/#\/schema\/logo\/image\/\",\"url\":\"https:\/\/helpobras.com\/wp-content\/uploads\/2024\/07\/logo_help_cor-1.svg\",\"contentUrl\":\"https:\/\/helpobras.com\/wp-content\/uploads\/2024\/07\/logo_help_cor-1.svg\",\"width\":494.8,\"height\":390.4,\"caption\":\"Help Obras e Remodela\u00e7\u00f5es\"},\"image\":{\"@id\":\"https:\/\/helpobras.com\/en\/#\/schema\/logo\/image\/\"},\"sameAs\":[\"https:\/\/www.facebook.com\/helpobras\/\",\"https:\/\/www.instagram.com\/help_remodelacoes\/\"]}]}<\/script>\n<!-- \/ Yoast SEO plugin. -->","yoast_head_json":{"title":"Pol\u00edtica de Privacidade - Help Obras e Remodela\u00e7\u00f5es","robots":{"index":"index","follow":"follow","max-snippet":"max-snippet:-1","max-image-preview":"max-image-preview:large","max-video-preview":"max-video-preview:-1"},"canonical":"https:\/\/helpobras.com\/en\/politica-de-privacidade\/","og_locale":"en_US","og_type":"article","og_title":"Pol\u00edtica de Privacidade - Help Obras e Remodela\u00e7\u00f5es","og_description":"Pol\u00edtica de Privacidade Pol\u00edtica&#8230; Pol\u00edtica de Cookies Utilizamos cookies e tecnologias semelhantes no nosso site para melhorar a sua experi\u00eancia como utilizador e permitir realizar determinadas opera\u00e7\u00f5es de forma segura. O que s\u00e3o cookies? \u201cCookies\u201d s\u00e3o pequenas etiquetas de software que s\u00e3o armazenadas no seu computador atrav\u00e9s do navegador (browser), retendo apenas informa\u00e7\u00e3o relacionada com as suas prefer\u00eancias, n\u00e3o incluindo, como tal, os seus dados pessoais. Para que servem as cookies? Os cookies servem para ajudar a determinar a utilidade, interesse e o n\u00famero de utiliza\u00e7\u00f5es dos seus websites, permitindo uma navega\u00e7\u00e3o mais r\u00e1pida e eficiente, eliminando a necessidade de introduzir repetidamente as mesmas informa\u00e7\u00f5es. Que tipo de cookies utilizamos? Existem dois grupos cookies que podem ser utilizados. Cookies permanentes \u2013 s\u00e3o cookies que ficam armazenados ao n\u00edvel do browser nos seus equipamentos de acesso (pc, mobile e tablet) e que s\u00e3o utilizados sempre que faz uma nova visita a um dos nossos websites. S\u00e3o utilizados, geralmente, para direcionar a navega\u00e7\u00e3o aos interesses do utilizador, permitindo-nos prestar um servi\u00e7o mais personalizado. Cookies de sess\u00e3o \u2013 s\u00e3o cookies tempor\u00e1rios que permanecem no arquivo de cookies do seu browser at\u00e9 sair do website. A informa\u00e7\u00e3o obtida por estes cookies serve para analisar padr\u00f5es de tr\u00e1fego na web, permitindo-nos identificar problemas e fornecer uma melhor experi\u00eancia de navega\u00e7\u00e3o. Tipo de Cookies Cookies estritamente necess\u00e1rios \u2013 Permitem que navegue no website e utilize as suas aplica\u00e7\u00f5es, bem como aceder a \u00e1reas seguras do website. Sem estes cookies, os servi\u00e7os que tenha requerido n\u00e3o podem ser prestados. Cookies Anal\u00edticos \u2013 S\u00e3o utilizados anonimamente para efeitos de cria\u00e7\u00e3o e an\u00e1lise de estat\u00edsticas, no sentido de melhorar o funcionamento do website. Cookies de funcionalidade \u2013 Guardam as prefer\u00eancias do utilizador relativamente \u00e0 utiliza\u00e7\u00e3o do site, de forma que n\u00e3o seja necess\u00e1rio voltar a configurar o site cada vez que o visita. Cookies de terceiros \u2013 Medem o sucesso de aplica\u00e7\u00f5es e a efic\u00e1cia da publicidade de terceiros. Podem tamb\u00e9m ser utilizados no sentido de personalizar um widget com dados do utilizador. Cookies de publicidade \u2013 Direcionam a publicidade em fun\u00e7\u00e3o dos interesses de cada utilizador, sendo que, al\u00e9m disso, limitam a quantidade de vezes que v\u00ea o an\u00fancio, ajudando a medirem a efic\u00e1cia da publicidade e o sucesso da organiza\u00e7\u00e3o do website. De modo a garantir que toda a informa\u00e7\u00e3o disponibilizada se encontra atualizada, efetuamos verifica\u00e7\u00f5es peri\u00f3dicas \u00e0 lista de cookies. No entanto, quanto aos cookies de terceiros e por motivos que nos s\u00e3o alheios, a listagem pode n\u00e3o estar atualizada ao momento, atendendo a que os prestadores dos cookies de terceiros podem aumentar ou diminuir, alterar o nome a qualquer momento e sem aviso pr\u00e9vio. How can you manage cookies? All browsers allow the user to accept, refuse or delete cookies, namely by selecting the appropriate settings in their browser. You can configure cookies in the &#8220;options&#8221; or &#8220;preferences&#8221; menu of your browser. Please note, however, that by disabling cookies, you may prevent some web services from working properly, partially or totally affecting navigation on the website. Other websites Our website may contain links to other websites or applications, including those of our partners. If you access one of these links or applications, please note that each will have its own Cookie Policy and we are not responsible for them. Please read the Cookie Policy of other websites or applications carefully before using them.","og_url":"https:\/\/helpobras.com\/en\/politica-de-privacidade\/","og_site_name":"Help Obras e Remodela\u00e7\u00f5es","article_publisher":"https:\/\/www.facebook.com\/helpobras\/","article_modified_time":"2024-09-27T11:27:43+00:00","twitter_card":"summary_large_image","twitter_misc":{"Est. reading time":"3 minutes"},"schema":{"@context":"https:\/\/schema.org","@graph":[{"@type":"WebPage","@id":"https:\/\/helpobras.com\/en\/politica-de-privacidade\/","url":"https:\/\/helpobras.com\/en\/politica-de-privacidade\/","name":"Pol\u00edtica de Privacidade - Help Obras e Remodela\u00e7\u00f5es","isPartOf":{"@id":"https:\/\/helpobras.com\/en\/#website"},"datePublished":"2024-07-24T11:03:43+00:00","dateModified":"2024-09-27T11:27:43+00:00","breadcrumb":{"@id":"https:\/\/helpobras.com\/en\/politica-de-privacidade\/#breadcrumb"},"inLanguage":"en-US","potentialAction":[{"@type":"ReadAction","target":["https:\/\/helpobras.com\/en\/politica-de-privacidade\/"]}]},{"@type":"BreadcrumbList","@id":"https:\/\/helpobras.com\/en\/politica-de-privacidade\/#breadcrumb","itemListElement":[{"@type":"ListItem","position":1,"name":"In\u00edcio","item":"https:\/\/helpobras.com\/en\/"},{"@type":"ListItem","position":2,"name":"Pol\u00edtica de Privacidade"}]},{"@type":"WebSite","@id":"https:\/\/helpobras.com\/en\/#website","url":"https:\/\/helpobras.com\/en\/","name":"Help Obras e Remodela\u00e7\u00f5es","description":"Obras e Remodela\u00e7\u00f5es","publisher":{"@id":"https:\/\/helpobras.com\/en\/#organization"},"inLanguage":"en-US"},{"@type":"Organization","@id":"https:\/\/helpobras.com\/en\/#organization","name":"Help Obras e Remodela\u00e7\u00f5es","url":"https:\/\/helpobras.com\/en\/","logo":{"@type":"ImageObject","inLanguage":"en-US","@id":"https:\/\/helpobras.com\/en\/#\/schema\/logo\/image\/","url":"https:\/\/helpobras.com\/wp-content\/uploads\/2024\/07\/logo_help_cor-1.svg","contentUrl":"https:\/\/helpobras.com\/wp-content\/uploads\/2024\/07\/logo_help_cor-1.svg","width":494.8,"height":390.4,"caption":"Help Obras e Remodela\u00e7\u00f5es"},"image":{"@id":"https:\/\/helpobras.com\/en\/#\/schema\/logo\/image\/"},"sameAs":["https:\/\/www.facebook.com\/helpobras\/","https:\/\/www.instagram.com\/help_remodelacoes\/"]}]}},"_links":{"self":[{"href":"https:\/\/helpobras.com\/en\/wp-json\/wp\/v2\/pages\/2316","targetHints":{"allow":["GET"]}}],"collection":[{"href":"https:\/\/helpobras.com\/en\/wp-json\/wp\/v2\/pages"}],"about":[{"href":"https:\/\/helpobras.com\/en\/wp-json\/wp\/v2\/types\/page"}],"author":[{"embeddable":true,"href":"https:\/\/helpobras.com\/en\/wp-json\/wp\/v2\/users\/1"}],"replies":[{"embeddable":true,"href":"https:\/\/helpobras.com\/en\/wp-json\/wp\/v2\/comments?post=2316"}],"version-history":[{"count":1,"href":"https:\/\/helpobras.com\/en\/wp-json\/wp\/v2\/pages\/2316\/revisions"}],"predecessor-version":[{"id":2317,"href":"https:\/\/helpobras.com\/en\/wp-json\/wp\/v2\/pages\/2316\/revisions\/2317"}],"wp:attachment":[{"href":"https:\/\/helpobras.com\/en\/wp-json\/wp\/v2\/media?parent=2316"}],"curies":[{"name":"wp","href":"https:\/\/api.w.org\/{rel}","templated":true}]}}